{"id":229083,"date":"2024-04-23T12:34:59","date_gmt":"2024-04-23T10:34:59","guid":{"rendered":"https:\/\/gitedefixey.fr\/?page_id=229083"},"modified":"2024-05-23T12:19:04","modified_gmt":"2024-05-23T10:19:04","slug":"nos-partenaires","status":"publish","type":"page","link":"https:\/\/gitedefixey.fr\/en\/nos-partenaires\/","title":{"rendered":"Our partners"},"content":{"rendered":"<p>[et_pb_section fb_built=\u00a0\u00bb1&Prime; custom_padding_last_edited=\u00a0\u00bbon|phone\u00a0\u00bb admin_label=\u00a0\u00bbHeader &#038; Contact Form\u00a0\u00bb _builder_version=\u00a0\u00bb4.24.3&Prime; _module_preset=\u00a0\u00bbdefault\u00a0\u00bb background_color=\u00a0\u00bbgcid-fc7afca1-7302-4e55-829d-3d445387c282&Prime; custom_padding=\u00a0\u00bb||||false|false\u00a0\u00bb custom_padding_tablet=\u00a0\u00bb||||false|false\u00a0\u00bb custom_padding_phone=\u00a0\u00bb80px||||false|false\u00a0\u00bb locked=\u00a0\u00bboff\u00a0\u00bb collapsed=\u00a0\u00bbon\u00a0\u00bb global_colors_info=\u00a0\u00bb{%22gcid-fc7afca1-7302-4e55-829d-3d445387c282%22:%91%22background_color%22%93}\u00a0\u00bb][et_pb_row _builder_version=\u00a0\u00bb4.23.2&Prime; _module_preset=\u00a0\u00bbdefault\u00a0\u00bb max_width=\u00a0\u00bb800px\u00a0\u00bb global_colors_info=\u00a0\u00bb{}\u00a0\u00bb][et_pb_column type=\u00a0\u00bb4_4&Prime; _builder_version=\u00a0\u00bb4.23.2&Prime; _module_preset=\u00a0\u00bbdefault\u00a0\u00bb global_colors_info=\u00a0\u00bb{}\u00a0\u00bb][et_pb_text _builder_version=\u00a0\u00bb4.24.3&Prime; _module_preset=\u00a0\u00bb1282f523-9af3-4f74-9445-8153b3cc2e94&Prime; header_font=\u00a0\u00bbEB Garamond||||||||\u00a0\u00bb header_text_color=\u00a0\u00bbgcid-3c3581c1-f373-4686-aa51-f9f01c8ffd79&Prime; text_orientation=\u00a0\u00bbcenter\u00a0\u00bb custom_margin=\u00a0\u00bb||10px||false|false\u00a0\u00bb global_colors_info=\u00a0\u00bb{%22gcid-3c3581c1-f373-4686-aa51-f9f01c8ffd79%22:%91%22header_text_color%22%93}\u00a0\u00bb]<\/p>\n<h1>Nos partenaires locaux<\/h1>\n<p>[\/et_pb_text][et_pb_text _builder_version=\u00a0\u00bb4.24.3&Prime; _module_preset=\u00a0\u00bb2dc98e49-cf50-4891-8f29-50338587cb0c\u00a0\u00bb text_font=\u00a0\u00bb||||||||\u00a0\u00bb text_text_color=\u00a0\u00bbgcid-75f8feef-8e89-48de-a593-3e169dc48f01&Prime; text_orientation=\u00a0\u00bbcenter\u00a0\u00bb locked=\u00a0\u00bboff\u00a0\u00bb global_colors_info=\u00a0\u00bb{%22gcid-75f8feef-8e89-48de-a593-3e169dc48f01%22:%91%22text_text_color%22%93}\u00a0\u00bb]<\/p>\n<p>Pour toute r\u00e9servation aupr\u00e8s de nos partenaires locaux, n\u2019h\u00e9sitez pas \u00e0 contacter Cindy, votre h\u00f4te, qui se fera un plaisir de r\u00e9pondre \u00e0 vos questions, de r\u00e9server pour vous et de vous faire b\u00e9n\u00e9ficier de nos tarifs pr\u00e9f\u00e9rentiels.<\/p>\n<p>[\/et_pb_text][\/et_pb_column][\/et_pb_row][et_pb_row column_structure=\u00a0\u00bb1_3,1_3,1_3&Prime; use_custom_gutter=\u00a0\u00bbon\u00a0\u00bb make_equal=\u00a0\u00bbon\u00a0\u00bb _builder_version=\u00a0\u00bb4.24.3&Prime; _module_preset=\u00a0\u00bbdefault\u00a0\u00bb global_colors_info=\u00a0\u00bb{}\u00a0\u00bb][et_pb_column type=\u00a0\u00bb1_3&Prime; _builder_version=\u00a0\u00bb4.23.2&Prime; _module_preset=\u00a0\u00bbdefault\u00a0\u00bb global_colors_info=\u00a0\u00bb{}\u00a0\u00bb][et_pb_image src=\u00a0\u00bbhttps:\/\/gitedefixey.fr\/wp-content\/uploads\/2024\/04\/LA-MAISON-AUX-MILLE-TRUFFES.png\u00a0\u00bb title_text=\u00a0\u00bbLA MAISON AUX MILLE TRUFFES\u00a0\u00bb _builder_version=\u00a0\u00bb4.24.3&Prime; _module_preset=\u00a0\u00bbdefault\u00a0\u00bb width=\u00a0\u00bb172px\u00a0\u00bb width_tablet=\u00a0\u00bb172px\u00a0\u00bb width_phone=\u00a0\u00bb172px\u00a0\u00bb width_last_edited=\u00a0\u00bbon|phone\u00a0\u00bb max_width=\u00a0\u00bb172px\u00a0\u00bb max_width_tablet=\u00a0\u00bb172px\u00a0\u00bb max_width_phone=\u00a0\u00bb\u00a0\u00bb max_width_last_edited=\u00a0\u00bbon|phone\u00a0\u00bb min_height=\u00a0\u00bb72px\u00a0\u00bb min_height_tablet=\u00a0\u00bb72px\u00a0\u00bb min_height_phone=\u00a0\u00bb72px\u00a0\u00bb min_height_last_edited=\u00a0\u00bbon|phone\u00a0\u00bb height=\u00a0\u00bb72px\u00a0\u00bb height_tablet=\u00a0\u00bb72px\u00a0\u00bb height_phone=\u00a0\u00bb72px\u00a0\u00bb height_last_edited=\u00a0\u00bbon|phone\u00a0\u00bb max_height=\u00a0\u00bb72px\u00a0\u00bb max_height_tablet=\u00a0\u00bb72px\u00a0\u00bb max_height_phone=\u00a0\u00bb\u00a0\u00bb max_height_last_edited=\u00a0\u00bbon|phone\u00a0\u00bb global_colors_info=\u00a0\u00bb{}\u00a0\u00bb][\/et_pb_image][et_pb_text _builder_version=\u00a0\u00bb4.24.3&Prime; _module_preset=\u00a0\u00bbe9bac7e6-98cd-4576-9f77-de9a42a61a08&Prime; header_4_font=\u00a0\u00bbEB Garamond||||||||\u00a0\u00bb header_4_text_color=\u00a0\u00bbgcid-3c3581c1-f373-4686-aa51-f9f01c8ffd79&Prime; custom_margin=\u00a0\u00bb||0px||false|false\u00a0\u00bb global_colors_info=\u00a0\u00bb{%22gcid-3c3581c1-f373-4686-aa51-f9f01c8ffd79%22:%91%22header_4_text_color%22%93}\u00a0\u00bb]<\/p>\n<h4>La Maison aux Milles Truffes<\/h4>\n<p>[\/et_pb_text][et_pb_text _builder_version=\u00a0\u00bb4.24.3&Prime; _module_preset=\u00a0\u00bb7f30338a-3717-4d68-af42-762f14111586&Prime; text_font=\u00a0\u00bb||||||||\u00a0\u00bb text_text_color=\u00a0\u00bbgcid-75f8feef-8e89-48de-a593-3e169dc48f01&Prime; locked=\u00a0\u00bboff\u00a0\u00bb global_colors_info=\u00a0\u00bb{%22gcid-75f8feef-8e89-48de-a593-3e169dc48f01%22:%91%22text_text_color%22%93}\u00a0\u00bb]<\/p>\n<p>Formule Cavage &amp; D\u00e9jeuner tout \u00e0 la truffe. Cette activit\u00e9 de 3h d\u00e9bute avec une pr\u00e9sentation de la truffe (en fran\u00e7ais et en anglais) puis une d\u00e9monstration de cavage avec une chienne truffi\u00e8re et se termine par un d\u00e9jeuner entr\u00e9e \/ plat \/ dessert tout \u00e0 la truffe.<\/p>\n<p>[\/et_pb_text][et_pb_button button_url=\u00a0\u00bbhttps:\/\/www.maisonauxmilletruffes.fr\/demonstration-degustation-truffe-beaune-dijon\u00a0\u00bb url_new_window=\u00a0\u00bbon\u00a0\u00bb button_text=\u00a0\u00bbd\u00e9couvrir\u00a0\u00bb _builder_version=\u00a0\u00bb4.24.3&Prime; _module_preset=\u00a0\u00bb39bc1c2c-414d-4b13-b691-950ee2508e09&Prime; button_text_color=\u00a0\u00bb#F9B333&Prime; button_font=\u00a0\u00bbEB Garamond|700||on|||||\u00a0\u00bb button_icon=\u00a0\u00bb&#x24;||divi||400&Prime; locked=\u00a0\u00bboff\u00a0\u00bb global_colors_info=\u00a0\u00bb{}\u00a0\u00bb][\/et_pb_button][\/et_pb_column][et_pb_column type=\u00a0\u00bb1_3&Prime; _builder_version=\u00a0\u00bb4.23.2&Prime; _module_preset=\u00a0\u00bbdefault\u00a0\u00bb global_colors_info=\u00a0\u00bb{}\u00a0\u00bb][et_pb_image src=\u00a0\u00bbhttps:\/\/gitedefixey.fr\/wp-content\/uploads\/2024\/04\/logo-chateau-pommard-8.png\u00a0\u00bb title_text=\u00a0\u00bblogo chateau pommard-8&Prime; _builder_version=\u00a0\u00bb4.24.3&Prime; _module_preset=\u00a0\u00bbdefault\u00a0\u00bb width=\u00a0\u00bb170px\u00a0\u00bb max_width=\u00a0\u00bb170px\u00a0\u00bb min_height=\u00a0\u00bb127px\u00a0\u00bb height=\u00a0\u00bb127px\u00a0\u00bb max_height=\u00a0\u00bb127px\u00a0\u00bb global_colors_info=\u00a0\u00bb{}\u00a0\u00bb][\/et_pb_image][et_pb_code _builder_version=\u00a0\u00bb4.24.3&Prime; _module_preset=\u00a0\u00bbdefault\u00a0\u00bb global_colors_info=\u00a0\u00bb{}\u00a0\u00bb][\/et_pb_code][et_pb_text _builder_version=\u00a0\u00bb4.24.3&Prime; _module_preset=\u00a0\u00bbe9bac7e6-98cd-4576-9f77-de9a42a61a08&Prime; header_4_font=\u00a0\u00bbEB Garamond||||||||\u00a0\u00bb header_4_text_color=\u00a0\u00bbgcid-3c3581c1-f373-4686-aa51-f9f01c8ffd79&Prime; custom_margin=\u00a0\u00bb||0px||false|false\u00a0\u00bb global_colors_info=\u00a0\u00bb{%22gcid-3c3581c1-f373-4686-aa51-f9f01c8ffd79%22:%91%22header_4_text_color%22,%22header_4_text_color%22%93}\u00a0\u00bb]<\/p>\n<h4>Ch\u00e2teau de Pommard<\/h4>\n<p>[\/et_pb_text][et_pb_text _builder_version=\u00a0\u00bb4.24.3&Prime; _module_preset=\u00a0\u00bb7f30338a-3717-4d68-af42-762f14111586&Prime; text_font=\u00a0\u00bb||||||||\u00a0\u00bb text_text_color=\u00a0\u00bbgcid-75f8feef-8e89-48de-a593-3e169dc48f01&Prime; locked=\u00a0\u00bboff\u00a0\u00bb global_colors_info=\u00a0\u00bb{%22gcid-75f8feef-8e89-48de-a593-3e169dc48f01%22:%91%22text_text_color%22,%22text_text_color%22%93}\u00a0\u00bb]<\/p>\n<p>\u00ab Exp\u00e9rience d\u00e9couvrez la Bourgogne \u00bb : pr\u00e9sentation du domaine et d\u00e9gustation de 4 vins (3 rouges et 1 blanc). Enfants bienvenus avec possibilit\u00e9 de leur faire d\u00e9guster des sirops.<\/p>\n<p>[\/et_pb_text][et_pb_button button_url=\u00a0\u00bbhttps:\/\/www.chateaudepommard.com\/experiences#content-start\u00a0\u00bb url_new_window=\u00a0\u00bbon\u00a0\u00bb button_text=\u00a0\u00bbd\u00e9couvrir\u00a0\u00bb _builder_version=\u00a0\u00bb4.24.3&Prime; _module_preset=\u00a0\u00bb39bc1c2c-414d-4b13-b691-950ee2508e09&Prime; button_text_color=\u00a0\u00bb#F9B333&Prime; button_font=\u00a0\u00bbEB Garamond|700||on|||||\u00a0\u00bb button_icon=\u00a0\u00bb&#x24;||divi||400&Prime; locked=\u00a0\u00bboff\u00a0\u00bb global_colors_info=\u00a0\u00bb{}\u00a0\u00bb][\/et_pb_button][\/et_pb_column][et_pb_column type=\u00a0\u00bb1_3&Prime; _builder_version=\u00a0\u00bb4.23.2&Prime; _module_preset=\u00a0\u00bbdefault\u00a0\u00bb global_colors_info=\u00a0\u00bb{}\u00a0\u00bb][et_pb_image src=\u00a0\u00bbhttps:\/\/gitedefixey.fr\/wp-content\/uploads\/2024\/04\/e11b0d7.png\u00a0\u00bb title_text=\u00a0\u00bbe11b0d7&Prime; _builder_version=\u00a0\u00bb4.24.3&Prime; _module_preset=\u00a0\u00bbdefault\u00a0\u00bb width=\u00a0\u00bb113px\u00a0\u00bb max_width=\u00a0\u00bb113px\u00a0\u00bb min_height=\u00a0\u00bb42px\u00a0\u00bb height=\u00a0\u00bb42px\u00a0\u00bb max_height=\u00a0\u00bb42px\u00a0\u00bb global_colors_info=\u00a0\u00bb{}\u00a0\u00bb][\/et_pb_image][et_pb_text _builder_version=\u00a0\u00bb4.24.3&Prime; _module_preset=\u00a0\u00bbe9bac7e6-98cd-4576-9f77-de9a42a61a08&Prime; header_4_font=\u00a0\u00bbEB Garamond||||||||\u00a0\u00bb header_4_text_color=\u00a0\u00bbgcid-3c3581c1-f373-4686-aa51-f9f01c8ffd79&Prime; custom_margin=\u00a0\u00bb||0px||false|false\u00a0\u00bb global_colors_info=\u00a0\u00bb{%22gcid-3c3581c1-f373-4686-aa51-f9f01c8ffd79%22:%91%22header_4_text_color%22,%22header_4_text_color%22%93}\u00a0\u00bb]<\/p>\n<h4>VIN\u00c9ASPA &#8211; SPA Le RICHEBOURG<\/h4>\n<p>[\/et_pb_text][et_pb_text _builder_version=\u00a0\u00bb4.24.3&Prime; _module_preset=\u00a0\u00bb7f30338a-3717-4d68-af42-762f14111586&Prime; text_font=\u00a0\u00bb||||||||\u00a0\u00bb text_text_color=\u00a0\u00bbgcid-75f8feef-8e89-48de-a593-3e169dc48f01&Prime; locked=\u00a0\u00bboff\u00a0\u00bb global_colors_info=\u00a0\u00bb{%22gcid-75f8feef-8e89-48de-a593-3e169dc48f01%22:%91%22text_text_color%22,%22text_text_color%22%93}\u00a0\u00bb]<\/p>\n<p>Acc\u00e8s au spa (2h) et carte des soins : b\u00e9n\u00e9ficiez de 10% de remise (hors formules et hors samedi).<\/p>\n<p>[\/et_pb_text][et_pb_button button_url=\u00a0\u00bbhttps:\/\/www.hotel-lerichebourg.com\/le-vineaspa\/\u00a0\u00bb url_new_window=\u00a0\u00bbon\u00a0\u00bb button_text=\u00a0\u00bbd\u00e9couvrir\u00a0\u00bb _builder_version=\u00a0\u00bb4.24.3&Prime; _module_preset=\u00a0\u00bb39bc1c2c-414d-4b13-b691-950ee2508e09&Prime; button_text_color=\u00a0\u00bb#F9B333&Prime; button_font=\u00a0\u00bbEB Garamond|700||on|||||\u00a0\u00bb button_icon=\u00a0\u00bb&#x24;||divi||400&Prime; locked=\u00a0\u00bboff\u00a0\u00bb global_colors_info=\u00a0\u00bb{}\u00a0\u00bb][\/et_pb_button][\/et_pb_column][\/et_pb_row][\/et_pb_section][et_pb_section fb_built=\u00a0\u00bb1&Prime; admin_label=\u00a0\u00bbCall to Action\u00a0\u00bb _builder_version=\u00a0\u00bb4.24.3&Prime; _module_preset=\u00a0\u00bbdefault\u00a0\u00bb use_background_color_gradient=\u00a0\u00bbon\u00a0\u00bb background_color_gradient_stops=\u00a0\u00bbrgba(44,42,39,0.6) 0%|rgba(44,42,39,0.6) 100%\u00a0\u00bb background_color_gradient_overlays_image=\u00a0\u00bbon\u00a0\u00bb background_image=\u00a0\u00bbhttps:\/\/gitedefixey.fr\/wp-content\/uploads\/2024\/04\/454075-27_IMG_E7733_826250f177744279385fc672f0078792.jpg\u00a0\u00bb parallax=\u00a0\u00bbon\u00a0\u00bb custom_padding=\u00a0\u00bb11vw||11vw||true|false\u00a0\u00bb hover_enabled=\u00a0\u00bb0&Prime; collapsed=\u00a0\u00bbon\u00a0\u00bb global_colors_info=\u00a0\u00bb{}\u00a0\u00bb disabled_on=\u00a0\u00bbon|on|on\u00a0\u00bb disabled=\u00a0\u00bbon\u00a0\u00bb sticky_enabled=\u00a0\u00bb0&Prime;][et_pb_row _builder_version=\u00a0\u00bb4.24.3&Prime; _module_preset=\u00a0\u00bbdefault\u00a0\u00bb max_width=\u00a0\u00bb800px\u00a0\u00bb custom_margin=\u00a0\u00bb21px||21px||true|false\u00a0\u00bb custom_padding=\u00a0\u00bb||||false|false\u00a0\u00bb global_colors_info=\u00a0\u00bb{}\u00a0\u00bb][et_pb_column type=\u00a0\u00bb4_4&Prime; _builder_version=\u00a0\u00bb4.23.2&Prime; _module_preset=\u00a0\u00bbdefault\u00a0\u00bb global_colors_info=\u00a0\u00bb{}\u00a0\u00bb][et_pb_text _builder_version=\u00a0\u00bb4.24.3&Prime; _module_preset=\u00a0\u00bb57a3ccb7-818a-4ee7-af5d-25935edf929c\u00a0\u00bb header_2_font=\u00a0\u00bbEB Garamond||||||||\u00a0\u00bb header_2_text_color=\u00a0\u00bb#FFFFFF\u00a0\u00bb text_orientation=\u00a0\u00bbcenter\u00a0\u00bb global_colors_info=\u00a0\u00bb{}\u00a0\u00bb]<\/p>\n<h2>R\u00e9server d\u00e8s maintenant<\/h2>\n<p>[\/et_pb_text][et_pb_button button_text=\u00a0\u00bbr\u00e9server\u00a0\u00bb button_alignment=\u00a0\u00bbcenter\u00a0\u00bb _builder_version=\u00a0\u00bb4.24.3&Prime; _module_preset=\u00a0\u00bbf0b7395e-2803-490a-8574-c226a4efec17&Prime; button_text_size=\u00a0\u00bb14px\u00a0\u00bb button_text_color=\u00a0\u00bb#000000&Prime; button_border_color=\u00a0\u00bbrgba(44,42,39,0.4)\u00a0\u00bb button_font=\u00a0\u00bbEB Garamond|600||on|||||\u00a0\u00bb custom_padding=\u00a0\u00bb12px|32px|12px|32px|true|true\u00a0\u00bb global_colors_info=\u00a0\u00bb{}\u00a0\u00bb][\/et_pb_button][\/et_pb_column][\/et_pb_row][\/et_pb_section]<\/p>\n","protected":false},"excerpt":{"rendered":"<p>Nos partenaires locauxPour toute r\u00e9servation aupr\u00e8s de nos partenaires locaux, n\u2019h\u00e9sitez pas \u00e0 contacter Cindy, votre h\u00f4te, qui se fera un plaisir de r\u00e9pondre \u00e0 vos questions, de r\u00e9server pour vous et de vous faire b\u00e9n\u00e9ficier de nos tarifs pr\u00e9f\u00e9rentiels.La Maison aux Milles TruffesFormule Cavage &amp; D\u00e9jeuner tout \u00e0 la truffe. Cette activit\u00e9 de 3h [&hellip;]<\/p>\n","protected":false},"author":2,"featured_media":0,"parent":0,"menu_order":0,"comment_status":"closed","ping_status":"closed","template":"","meta":{"_et_pb_use_builder":"on","_et_pb_old_content":"","_et_gb_content_width":"","footnotes":""},"class_list":["post-229083","page","type-page","status-publish","hentry"],"_links":{"self":[{"href":"https:\/\/gitedefixey.fr\/en\/wp-json\/wp\/v2\/pages\/229083","targetHints":{"allow":["GET"]}}],"collection":[{"href":"https:\/\/gitedefixey.fr\/en\/wp-json\/wp\/v2\/pages"}],"about":[{"href":"https:\/\/gitedefixey.fr\/en\/wp-json\/wp\/v2\/types\/page"}],"author":[{"embeddable":true,"href":"https:\/\/gitedefixey.fr\/en\/wp-json\/wp\/v2\/users\/2"}],"replies":[{"embeddable":true,"href":"https:\/\/gitedefixey.fr\/en\/wp-json\/wp\/v2\/comments?post=229083"}],"version-history":[{"count":0,"href":"https:\/\/gitedefixey.fr\/en\/wp-json\/wp\/v2\/pages\/229083\/revisions"}],"wp:attachment":[{"href":"https:\/\/gitedefixey.fr\/en\/wp-json\/wp\/v2\/media?parent=229083"}],"curies":[{"name":"wp","href":"https:\/\/api.w.org\/{rel}","templated":true}]}}